{"id":864,"date":"2025-09-24T12:38:07","date_gmt":"2025-09-24T12:38:07","guid":{"rendered":"https:\/\/joseantonioeguiguren.lasalleweb.ec\/?page_id=864"},"modified":"2026-03-03T11:39:17","modified_gmt":"2026-03-03T16:39:17","slug":"codigo-de-convivencia","status":"publish","type":"page","link":"https:\/\/joseantonioeguiguren.lasalleweb.ec\/?page_id=864","title":{"rendered":"REGLAMENTO DE COSTOS EDUCATIVOS 2025"},"content":{"rendered":"<p>Este documento establece las disposiciones y normativas que regulan el cobro de matr\u00edculas y pensiones en las instituciones educativas particulares y fiscomisionales del Sistema Nacional de Educaci\u00f3n en Ecuador. A trav\u00e9s de este reglamento, se busca garantizar la transparencia, equidad y sostenibilidad en el acceso a la educaci\u00f3n, alineando las instituciones con los principios de la Ley Org\u00e1nica de Educaci\u00f3n Intercultural. El reglamento incluye definiciones clave, procedimientos para la fijaci\u00f3n de costos, requisitos para instituciones que inician su funcionamiento y normas de transparencia, entre otros aspectos relevantes.<\/p>\n<p><b>Puedes revisarlos\u00a0<\/b>\u00a0a trav\u00e9s de los siguientes enlaces:\u00a0<\/p>\n<p><a href=\"https:\/\/lasalleloja.edu.ec\/wp-content\/uploads\/2025\/09\/actual-ACUERDO-COSTOS-2025-00030-A-1.pdf\"><strong>1. ACUERDO Nro. MINEDUC-MINEDUC-2025-00030-A.<\/strong><\/a><\/p>\n<p><a href=\"https:\/\/lasalleloja.edu.ec\/wp-content\/uploads\/2025\/09\/PPTs-Acuerdo-de-costos-2025-00030-a-1.pdf\"><strong>2. REGLAMENTO PARA LA REGULACI\u00d3N DE PENSIONES Y\u00a0<\/strong><strong>MATR\u00cdCULAS EN LAS INSTITUCIONES EDUCATIVAS\u00a0<\/strong><strong>PARTICULARES Y FISCOMISIONALES DEL SISTEMA NACIONAL DE\u00a0<\/strong><strong>EDUCACI\u00d3N.<\/strong><\/a><\/p>\n\n<h2 class=\"wp-block-post-title\">REGLAMENTO DE COSTOS EDUCATIVOS 2025<\/h2>\n\n\n<a href=\"https:\/\/joseantonioeguiguren.lasalleweb.ec\/wp-content\/uploads\/2026\/03\/Codigo-de-convivencia_2025_-2026-LA-SALLE-LOJA_compressed.pdf\" class=\"pdfemb-viewer\" style=\"height:800px;\" data-width=\"max\" data-height=\"800\" data-toolbar=\"bottom\" data-toolbar-fixed=\"off\">Codigo-de-convivencia_2025_-2026-LA-SALLE-LOJA_compressed<\/a>\n\n\n\n<p><\/p>\n","protected":false},"excerpt":{"rendered":"<p>Este documento establece las disposiciones y normativas que regulan el cobro de matr\u00edculas y pensiones en las instituciones educativas particulares y fiscomisionales del Sistema Nacional de Educaci\u00f3n en Ecuador. A trav\u00e9s de este reglamento, se busca garantizar la transparencia, equidad y sostenibilidad en el acceso a la educaci\u00f3n, alineando las instituciones con los principios de [&hellip;]<\/p>\n","protected":false},"author":5,"featured_media":0,"parent":0,"menu_order":0,"comment_status":"closed","ping_status":"closed","template":"","meta":{"_et_pb_use_builder":"on","_et_pb_old_content":"","_et_gb_content_width":"","footnotes":""},"class_list":["post-864","page","type-page","status-publish","hentry"],"_links":{"self":[{"href":"https:\/\/joseantonioeguiguren.lasalleweb.ec\/index.php?rest_route=\/wp\/v2\/pages\/864","targetHints":{"allow":["GET"]}}],"collection":[{"href":"https:\/\/joseantonioeguiguren.lasalleweb.ec\/index.php?rest_route=\/wp\/v2\/pages"}],"about":[{"href":"https:\/\/joseantonioeguiguren.lasalleweb.ec\/index.php?rest_route=\/wp\/v2\/types\/page"}],"author":[{"embeddable":true,"href":"https:\/\/joseantonioeguiguren.lasalleweb.ec\/index.php?rest_route=\/wp\/v2\/users\/5"}],"replies":[{"embeddable":true,"href":"https:\/\/joseantonioeguiguren.lasalleweb.ec\/index.php?rest_route=%2Fwp%2Fv2%2Fcomments&post=864"}],"version-history":[{"count":6,"href":"https:\/\/joseantonioeguiguren.lasalleweb.ec\/index.php?rest_route=\/wp\/v2\/pages\/864\/revisions"}],"predecessor-version":[{"id":1002,"href":"https:\/\/joseantonioeguiguren.lasalleweb.ec\/index.php?rest_route=\/wp\/v2\/pages\/864\/revisions\/1002"}],"wp:attachment":[{"href":"https:\/\/joseantonioeguiguren.lasalleweb.ec\/index.php?rest_route=%2Fwp%2Fv2%2Fmedia&parent=864"}],"curies":[{"name":"wp","href":"https:\/\/api.w.org\/{rel}","templated":true}]}}