{"id":282,"date":"2024-04-02T16:28:42","date_gmt":"2024-04-02T16:28:42","guid":{"rendered":"https:\/\/joseantonioeguiguren.lasalleweb.ec\/?page_id=282"},"modified":"2026-03-03T13:02:55","modified_gmt":"2026-03-03T18:02:55","slug":"oferta-academica","status":"publish","type":"page","link":"https:\/\/joseantonioeguiguren.lasalleweb.ec\/?page_id=282","title":{"rendered":"Oferta Acad\u00e9mica"},"content":{"rendered":"<p>[et_pb_section fb_built=\u00bb1&#8243; admin_label=\u00bbHeader\u00bb _builder_version=\u00bb4.27.6&#8243; _module_preset=\u00bbdefault\u00bb background_color=\u00bbgcid-d214ab81-0383-475f-b48e-2c27b44bd017&#8243; background_image=\u00bbhttps:\/\/joseantonioeguiguren.lasalleweb.ec\/wp-content\/uploads\/2026\/03\/FOTO-PORTADA-2-2048&#215;1367-1.jpg\u00bb background_enable_video_mp4=\u00bboff\u00bb overflow-x=\u00bbhidden\u00bb overflow-y=\u00bbhidden\u00bb custom_margin=\u00bb||-5px|||\u00bb custom_padding=\u00bb113px||54px|||\u00bb hover_enabled=\u00bb0&#8243; collapsed=\u00bbon\u00bb global_colors_info=\u00bb{%22gcid-d214ab81-0383-475f-b48e-2c27b44bd017%22:%91%22background_color%22%93}\u00bb title_text=\u00bbFOTO-PORTADA-2-2048&#215;1367&#8243; background_position=\u00bbtop_center\u00bb background_vertical_offset=\u00bb25%\u00bb sticky_enabled=\u00bb0&#8243;][et_pb_row column_structure=\u00bb1_2,1_2&#8243; make_equal=\u00bbon\u00bb _builder_version=\u00bb4.24.0&#8243; _module_preset=\u00bbdefault\u00bb min_height=\u00bb306.4px\u00bb custom_margin=\u00bb-63px|176px||auto||\u00bb custom_padding=\u00bb||0px|||\u00bb global_colors_info=\u00bb{}\u00bb][et_pb_column type=\u00bb1_2&#8243; _builder_version=\u00bb4.23.1&#8243; _module_preset=\u00bbdefault\u00bb global_colors_info=\u00bb{}\u00bb][et_pb_text _builder_version=\u00bb4.27.4&#8243; _module_preset=\u00bb38a4b1bf-56a1-4d66-ac30-6b418f2d22c2&#8243; header_font=\u00bbManrope|800|||||||\u00bb header_text_align=\u00bbright\u00bb header_text_color=\u00bb#FFFFFF\u00bb header_font_size=\u00bb44px\u00bb min_height=\u00bb392.4px\u00bb custom_margin=\u00bb||10px||false|false\u00bb header_text_shadow_style=\u00bbpreset3&#8243; global_colors_info=\u00bb{}\u00bb]<\/p>\n<h1 style=\"text-align: left;\">NUESTRA<br \/>OFERTA<br \/>ACAD\u00c9MICA<\/h1>\n<p>[\/et_pb_text][\/et_pb_column][et_pb_column type=\u00bb1_2&#8243; _builder_version=\u00bb4.23.1&#8243; _module_preset=\u00bbdefault\u00bb z_index=\u00bb10&#8243; global_colors_info=\u00bb{}\u00bb][\/et_pb_column][\/et_pb_row][\/et_pb_section][et_pb_section fb_built=\u00bb1&#8243; admin_label=\u00bbAbout &#038; Video\u00bb _builder_version=\u00bb4.24.0&#8243; _module_preset=\u00bbdefault\u00bb background_enable_color=\u00bboff\u00bb background_enable_image=\u00bboff\u00bb background_size=\u00bbcustom\u00bb background_image_width=\u00bb12%\u00bb background_position=\u00bbbottom_right\u00bb background_horizontal_offset=\u00bb30px\u00bb background_vertical_offset=\u00bb30px\u00bb custom_margin=\u00bb||-4px|||\u00bb collapsed=\u00bbon\u00bb global_colors_info=\u00bb{%22gcid-d214ab81-0383-475f-b48e-2c27b44bd017%22:%91%22background_color%22%93}\u00bb][et_pb_row column_structure=\u00bb1_2,1_2&#8243; _builder_version=\u00bb4.24.2&#8243; _module_preset=\u00bbdefault\u00bb global_colors_info=\u00bb{}\u00bb][et_pb_column type=\u00bb1_2&#8243; _builder_version=\u00bb4.23.1&#8243; _module_preset=\u00bbdefault\u00bb global_colors_info=\u00bb{}\u00bb][et_pb_image src=\u00bbhttps:\/\/joseantonioeguiguren.lasalleweb.ec\/wp-content\/uploads\/2024\/04\/sub-inicial-2.png\u00bb title_text=\u00bbsub inicial 2&#8243; align=\u00bbcenter\u00bb _builder_version=\u00bb4.24.2&#8243; _module_preset=\u00bbdefault\u00bb module_alignment=\u00bbcenter\u00bb max_height=\u00bb200px\u00bb global_colors_info=\u00bb{}\u00bb][\/et_pb_image][et_pb_text _builder_version=\u00bb4.24.0&#8243; _module_preset=\u00bbe6b0e8bd-720e-4f70-9568-9e274e2e3f3a\u00bb header_2_font=\u00bbManrope|800|||||||\u00bb header_2_font_size=\u00bb44px\u00bb text_orientation=\u00bbcenter\u00bb custom_margin=\u00bb||10px||false|false\u00bb hover_enabled=\u00bb0&#8243; global_colors_info=\u00bb{}\u00bb sticky_enabled=\u00bb0&#8243;]<\/p>\n<h2>INICIAL 1<\/h2>\n<p>[\/et_pb_text][et_pb_text _builder_version=\u00bb4.24.0&#8243; _module_preset=\u00bb6039669d-ba25-4df8-88d3-616164325f5a\u00bb text_font=\u00bbManrope||||||||\u00bb text_orientation=\u00bbjustified\u00bb global_colors_info=\u00bb{}\u00bb]<\/p>\n<p>El programa de Inicial 1 est\u00e1 dise\u00f1ado cuidadosamente para atender las necesidades \u00fanicas de nuestros m\u00e1s peque\u00f1os. Reconocemos que en esta etapa temprana del desarrollo infantil, es esencial centrarse en aspectos clave como la exploraci\u00f3n, el juego y la interacci\u00f3n con el entorno. Nuestro curr\u00edculo abarca todas estas \u00e1reas de manera cari\u00f1osa y estimulante, permitiendo a los ni\u00f1os explorar su mundo, desarrollar habilidades sociales, fomentar su curiosidad y sentar las bases para un futuro exitoso en su viaje educativo. En Inicial 1, el aprendizaje es un emocionante y fascinante viaje que nos encantar\u00eda emprender junto a tu hijo\/a.<\/p>\n<p>&nbsp;<\/p>\n<p>[\/et_pb_text][\/et_pb_column][et_pb_column type=\u00bb1_2&#8243; _builder_version=\u00bb4.23.1&#8243; _module_preset=\u00bbdefault\u00bb global_colors_info=\u00bb{}\u00bb][et_pb_image src=\u00bbhttps:\/\/joseantonioeguiguren.lasalleweb.ec\/wp-content\/uploads\/2024\/04\/preparatoria.png\u00bb title_text=\u00bbpreparatoria\u00bb align=\u00bbcenter\u00bb _builder_version=\u00bb4.24.2&#8243; _module_preset=\u00bbdefault\u00bb module_alignment=\u00bbcenter\u00bb max_height=\u00bb200px\u00bb global_colors_info=\u00bb{}\u00bb][\/et_pb_image][et_pb_text _builder_version=\u00bb4.24.0&#8243; _module_preset=\u00bbe6b0e8bd-720e-4f70-9568-9e274e2e3f3a\u00bb header_2_font=\u00bbManrope|800|||||||\u00bb header_2_font_size=\u00bb44px\u00bb text_orientation=\u00bbcenter\u00bb custom_margin=\u00bb||10px||false|false\u00bb global_colors_info=\u00bb{}\u00bb]<\/p>\n<h2>INICIAL 2<\/h2>\n<p>[\/et_pb_text][et_pb_text _builder_version=\u00bb4.24.0&#8243; _module_preset=\u00bb6039669d-ba25-4df8-88d3-616164325f5a\u00bb text_font=\u00bbManrope||||||||\u00bb text_orientation=\u00bbjustified\u00bb hover_enabled=\u00bb0&#8243; global_colors_info=\u00bb{}\u00bb sticky_enabled=\u00bb0&#8243;]<\/p>\n<p><span>El curr\u00edculo de Inicial 2 se enfoca en reconocer que el desarrollo infantil es un proceso completo que abarca todos los aspectos que conforman la personalidad del ni\u00f1o, incluyendo lo cognitivo, lo social, lo psicomotor, lo f\u00edsico y lo afectivo. Nuestra atenci\u00f3n se centra en cada una de estas \u00e1reas para garantizar un crecimiento equilibrado y completo en nuestros estudiantes. De esta manera, brindamos a los ni\u00f1os las herramientas necesarias para su desarrollo y aprendizaje de manera integral.<\/span><\/p>\n<p>[\/et_pb_text][\/et_pb_column][\/et_pb_row][et_pb_row column_structure=\u00bb1_3,1_3,1_3&#8243; _builder_version=\u00bb4.24.3&#8243; _module_preset=\u00bbdefault\u00bb global_colors_info=\u00bb{}\u00bb][et_pb_column type=\u00bb1_3&#8243; _builder_version=\u00bb4.24.3&#8243; _module_preset=\u00bbdefault\u00bb global_colors_info=\u00bb{}\u00bb][et_pb_heading title=\u00bbPREPARATORIA\u00bb _builder_version=\u00bb4.27.6&#8243; _module_preset=\u00bbdefault\u00bb hover_enabled=\u00bb0&#8243; global_colors_info=\u00bb{}\u00bb sticky_enabled=\u00bb0&#8243;][\/et_pb_heading][et_pb_text _builder_version=\u00bb4.24.3&#8243; _module_preset=\u00bb6039669d-ba25-4df8-88d3-616164325f5a\u00bb text_font=\u00bbManrope||||||||\u00bb text_orientation=\u00bbjustified\u00bb custom_margin=\u00bb|-294px||||\u00bb global_colors_info=\u00bb{}\u00bb]<\/p>\n<p><span>En la etapa de preparatoria, fomentamos la creatividad al dise\u00f1ar contenidos educativos innovadores y estimulantes. Nuestro enfoque busca que los estudiantes no solo adquieran conocimientos, sino que tambi\u00e9n los experimenten y los internalicen de manera divertida y participativa. De esta forma, cultivamos un ambiente donde la creatividad florece y donde los aprendizajes se construyen de manera l\u00fadica y significativa.<\/span><\/p>\n<p>[\/et_pb_text][\/et_pb_column][et_pb_column type=\u00bb1_3&#8243; _builder_version=\u00bb4.24.3&#8243; _module_preset=\u00bbdefault\u00bb global_colors_info=\u00bb{}\u00bb][\/et_pb_column][et_pb_column type=\u00bb1_3&#8243; _builder_version=\u00bb4.24.3&#8243; _module_preset=\u00bbdefault\u00bb global_colors_info=\u00bb{}\u00bb][et_pb_image src=\u00bbhttps:\/\/joseantonioeguiguren.lasalleweb.ec\/wp-content\/uploads\/2024\/04\/Elemental.png\u00bb title_text=\u00bbElemental\u00bb _builder_version=\u00bb4.24.3&#8243; _module_preset=\u00bbdefault\u00bb global_colors_info=\u00bb{}\u00bb][\/et_pb_image][\/et_pb_column][\/et_pb_row][\/et_pb_section][et_pb_section fb_built=\u00bb1&#8243; admin_label=\u00bbFAQ\u00bb _builder_version=\u00bb4.24.0&#8243; _module_preset=\u00bbdefault\u00bb background_enable_color=\u00bboff\u00bb custom_padding=\u00bb||0px|||\u00bb collapsed=\u00bbon\u00bb global_colors_info=\u00bb{%22gcid-8ce98ce1-4460-49e4-9cd7-b148b47c216c%22:%91%22background_color%22%93}\u00bb][et_pb_row column_structure=\u00bb1_2,1_2&#8243; _builder_version=\u00bb4.24.2&#8243; _module_preset=\u00bbdefault\u00bb global_colors_info=\u00bb{}\u00bb][et_pb_column type=\u00bb1_2&#8243; _builder_version=\u00bb4.23.1&#8243; _module_preset=\u00bbdefault\u00bb global_colors_info=\u00bb{}\u00bb][et_pb_image src=\u00bbhttps:\/\/joseantonioeguiguren.lasalleweb.ec\/wp-content\/uploads\/2024\/04\/basica-media.png\u00bb title_text=\u00bbb\u00e1sica media\u00bb align=\u00bbcenter\u00bb _builder_version=\u00bb4.24.2&#8243; _module_preset=\u00bbdefault\u00bb module_alignment=\u00bbcenter\u00bb max_height=\u00bb200px\u00bb locked=\u00bboff\u00bb global_colors_info=\u00bb{}\u00bb][\/et_pb_image][et_pb_text _builder_version=\u00bb4.24.0&#8243; _module_preset=\u00bbe6b0e8bd-720e-4f70-9568-9e274e2e3f3a\u00bb header_2_font=\u00bbManrope|800|||||||\u00bb header_2_font_size=\u00bb44px\u00bb text_orientation=\u00bbcenter\u00bb custom_margin=\u00bb||10px||false|false\u00bb global_colors_info=\u00bb{}\u00bb]<\/p>\n<h2 class=\"elementor-heading-title elementor-size-default\">B\u00c1SICA ELEMENTAL<\/h2>\n<p>[\/et_pb_text][et_pb_text _builder_version=\u00bb4.24.0&#8243; _module_preset=\u00bb6039669d-ba25-4df8-88d3-616164325f5a\u00bb text_font=\u00bbManrope||||||||\u00bb text_orientation=\u00bbjustified\u00bb hover_enabled=\u00bb0&#8243; global_colors_info=\u00bb{}\u00bb sticky_enabled=\u00bb0&#8243;]<\/p>\n<p><span>Nos enfocamos nuestros esfuerzos en el desarrollo de habilidades cognitivas y sociales que permiten a los estudiantes relacionarse con los dem\u00e1s y fortalecer sus lazos interpersonales. Lo logramos mediante el trabajo tanto individual como en equipo, lo cual contribuye de manera positiva y efectiva a la comprensi\u00f3n y puesta en pr\u00e1ctica de sus deberes y derechos. De esta manera, preparamos a nuestros estudiantes para ser ciudadanos responsables y participativos en la sociedad.<\/span><\/p>\n<p>[\/et_pb_text][\/et_pb_column][et_pb_column type=\u00bb1_2&#8243; _builder_version=\u00bb4.23.1&#8243; _module_preset=\u00bbdefault\u00bb global_colors_info=\u00bb{}\u00bb][et_pb_image src=\u00bbhttps:\/\/joseantonioeguiguren.lasalleweb.ec\/wp-content\/uploads\/2024\/04\/basica-superior.png\u00bb title_text=\u00bbb\u00e1sica superior\u00bb align=\u00bbcenter\u00bb _builder_version=\u00bb4.24.2&#8243; _module_preset=\u00bbdefault\u00bb module_alignment=\u00bbcenter\u00bb max_height=\u00bb200px\u00bb global_colors_info=\u00bb{}\u00bb][\/et_pb_image][et_pb_text _builder_version=\u00bb4.24.0&#8243; _module_preset=\u00bbe6b0e8bd-720e-4f70-9568-9e274e2e3f3a\u00bb header_2_font=\u00bbManrope|800|||||||\u00bb header_2_font_size=\u00bb44px\u00bb text_orientation=\u00bbcenter\u00bb custom_margin=\u00bb||10px||false|false\u00bb global_colors_info=\u00bb{}\u00bb]<\/p>\n<h2 class=\"elementor-heading-title elementor-size-default\">\u00a0B\u00c1SICA MEDIA<\/h2>\n<p>[\/et_pb_text][et_pb_text _builder_version=\u00bb4.24.0&#8243; _module_preset=\u00bb6039669d-ba25-4df8-88d3-616164325f5a\u00bb text_font=\u00bbManrope||||||||\u00bb text_orientation=\u00bbjustified\u00bb global_colors_info=\u00bb{}\u00bb]<\/p>\n<p>Promovemos el desarrollo de la habilidad de investigaci\u00f3n a trav\u00e9s de la consulta \u00e9tica de fuentes. Nuestros estudiantes aprenden a identificar informaci\u00f3n v\u00e1lida y confiable en entornos tecnol\u00f3gicos. Este enfoque les capacita para realizar investigaciones de manera efectiva y \u00e9tica, lo que les ser\u00e1 invaluable en su camino hacia la adquisici\u00f3n de conocimientos s\u00f3lidos y la toma de decisiones informadas en un mundo cada vez m\u00e1s digitalizado.<\/p>\n<p>&nbsp;<\/p>\n<p>[\/et_pb_text][\/et_pb_column][\/et_pb_row][\/et_pb_section][et_pb_section fb_built=\u00bb1&#8243; admin_label=\u00bbFAQ\u00bb _builder_version=\u00bb4.24.0&#8243; _module_preset=\u00bbdefault\u00bb background_enable_color=\u00bboff\u00bb custom_padding=\u00bb||0px|||\u00bb collapsed=\u00bbon\u00bb global_colors_info=\u00bb{%22gcid-8ce98ce1-4460-49e4-9cd7-b148b47c216c%22:%91%22background_color%22%93}\u00bb][et_pb_row column_structure=\u00bb1_2,1_2&#8243; _builder_version=\u00bb4.24.2&#8243; _module_preset=\u00bbdefault\u00bb global_colors_info=\u00bb{}\u00bb][et_pb_column type=\u00bb1_2&#8243; _builder_version=\u00bb4.23.1&#8243; _module_preset=\u00bbdefault\u00bb global_colors_info=\u00bb{}\u00bb][et_pb_image src=\u00bbhttps:\/\/joseantonioeguiguren.lasalleweb.ec\/wp-content\/uploads\/2024\/04\/bachillerato-en-ciencias.png\u00bb title_text=\u00bbbachillerato en ciencias\u00bb align=\u00bbcenter\u00bb _builder_version=\u00bb4.24.2&#8243; _module_preset=\u00bbdefault\u00bb module_alignment=\u00bbcenter\u00bb max_height=\u00bb200px\u00bb global_colors_info=\u00bb{}\u00bb][\/et_pb_image][et_pb_text _builder_version=\u00bb4.24.0&#8243; _module_preset=\u00bbe6b0e8bd-720e-4f70-9568-9e274e2e3f3a\u00bb header_2_font=\u00bbManrope|800|||||||\u00bb header_2_font_size=\u00bb44px\u00bb text_orientation=\u00bbcenter\u00bb custom_margin=\u00bb||10px||false|false\u00bb global_colors_info=\u00bb{}\u00bb]<\/p>\n<h2 class=\"elementor-heading-title elementor-size-default\">EDUCACI\u00d3N B\u00c1SICA SUPERIOR<\/h2>\n<p>[\/et_pb_text][et_pb_text _builder_version=\u00bb4.24.0&#8243; _module_preset=\u00bb6039669d-ba25-4df8-88d3-616164325f5a\u00bb text_font=\u00bbManrope||||||||\u00bb text_orientation=\u00bbjustified\u00bb global_colors_info=\u00bb{}\u00bb]<\/p>\n<p>Impulsamos la resoluci\u00f3n de problemas a trav\u00e9s del razonamiento l\u00f3gico y el pensamiento hipot\u00e9tico-deductivo. Adem\u00e1s, promovemos una participaci\u00f3n ciudadana responsable y comprometida en el cuidado de la salud, incluyendo la salud reproductiva e integral. Esto se logra mediante la promoci\u00f3n de la comunicaci\u00f3n racional y la construcci\u00f3n de acuerdos entre los estudiantes. Nuestra meta es formar individuos capaces de abordar desaf\u00edos de manera reflexiva y contribuir activamente a la sociedad.<\/p>\n<p>&nbsp;<\/p>\n<p>[\/et_pb_text][\/et_pb_column][et_pb_column type=\u00bb1_2&#8243; _builder_version=\u00bb4.23.1&#8243; _module_preset=\u00bbdefault\u00bb global_colors_info=\u00bb{}\u00bb][et_pb_image src=\u00bbhttps:\/\/joseantonioeguiguren.lasalleweb.ec\/wp-content\/uploads\/2024\/04\/bachillerato-internacional.png\u00bb title_text=\u00bbbachillerato internacional\u00bb align=\u00bbcenter\u00bb _builder_version=\u00bb4.24.2&#8243; _module_preset=\u00bbdefault\u00bb module_alignment=\u00bbcenter\u00bb max_height=\u00bb200px\u00bb global_colors_info=\u00bb{}\u00bb][\/et_pb_image][et_pb_text _builder_version=\u00bb4.24.0&#8243; _module_preset=\u00bbe6b0e8bd-720e-4f70-9568-9e274e2e3f3a\u00bb header_2_font=\u00bbManrope|800|||||||\u00bb header_2_font_size=\u00bb44px\u00bb text_orientation=\u00bbcenter\u00bb custom_margin=\u00bb||10px||false|false\u00bb global_colors_info=\u00bb{}\u00bb]<\/p>\n<h2>BACHILLERATO EN CIENCIAS<\/h2>\n<p>[\/et_pb_text][et_pb_text _builder_version=\u00bb4.24.0&#8243; _module_preset=\u00bb6039669d-ba25-4df8-88d3-616164325f5a\u00bb text_font=\u00bbManrope||||||||\u00bb text_orientation=\u00bbjustified\u00bb global_colors_info=\u00bb{}\u00bb]<\/p>\n<p>En el nivel de Bachillerato, preparamos a los estudiantes de<br \/>las siguientes maneras:<\/p>\n<p><span>\u2013 Los capacitamos para una vida activa y su participaci\u00f3n en<br \/>una sociedad democr\u00e1tica.<\/span><\/p>\n<p><span>\u2013 Los preparamos para el mundo laboral o para emprender sus<br \/>propios proyectos.<\/span><\/p>\n<p>\u2013 Los orientamos para que puedan continuar sus estudios<br \/>universitarios con \u00e9xito.<\/p>\n<p>Nuestro enfoque es proporcionar a los estudiantes una<br \/>educaci\u00f3n integral que los prepare para enfrentar con confianza los desaf\u00edos de la vida en una sociedad diversa y en constante evoluci\u00f3n.<\/p>\n<p>[\/et_pb_text][\/et_pb_column][\/et_pb_row][\/et_pb_section][et_pb_section fb_built=\u00bb1&#8243; admin_label=\u00bbFooter Links\u00bb _builder_version=\u00bb4.27.6&#8243; _module_preset=\u00bbdefault\u00bb background_color=\u00bbgcid-dfe2e0c1-6f93-4563-8502-7952298bf493&#8243; custom_margin=\u00bb11px|||||\u00bb custom_padding=\u00bb102px||12px|||\u00bb global_module=\u00bb152&#8243; saved_tabs=\u00bball\u00bb locked=\u00bboff\u00bb collapsed=\u00bbon\u00bb global_colors_info=\u00bb{%22gcid-dfe2e0c1-6f93-4563-8502-7952298bf493%22:%91%22background_color%22%93}\u00bb][et_pb_row column_structure=\u00bb1_4,1_4,1_4,1_4&#8243; _builder_version=\u00bb4.24.0&#8243; _module_preset=\u00bbdefault\u00bb custom_padding=\u00bb||0px|||\u00bb global_colors_info=\u00bb{}\u00bb][et_pb_column type=\u00bb1_4&#8243; _builder_version=\u00bb4.21.0&#8243; _module_preset=\u00bbdefault\u00bb global_colors_info=\u00bb{}\u00bb][et_pb_image src=\u00bbhttps:\/\/joseantonioeguiguren.lasalleweb.ec\/wp-content\/uploads\/2026\/03\/U.E.P.-Josee-Antonio-Eguiguren-03.png\u00bb title_text=\u00bbU.E.P. Josee Antonio Eguiguren-03&#8243; _builder_version=\u00bb4.27.6&#8243; _module_preset=\u00bbdefault\u00bb global_colors_info=\u00bb{}\u00bb][\/et_pb_image][et_pb_social_media_follow _builder_version=\u00bb4.27.6&#8243; _module_preset=\u00bbdefault\u00bb global_colors_info=\u00bb{}\u00bb][et_pb_social_media_follow_network social_network=\u00bbyoutube\u00bb url=\u00bbhttps:\/\/www.youtube.com\/@SalleLoja\u00bb icon_color=\u00bb#FFFFFF\u00bb use_icon_font_size=\u00bbon\u00bb icon_font_size=\u00bb21px\u00bb _builder_version=\u00bb4.27.6&#8243; _module_preset=\u00bbdefault\u00bb background_enable_color=\u00bboff\u00bb custom_button=\u00bbon\u00bb global_colors_info=\u00bb{}\u00bb follow_button=\u00bboff\u00bb url_new_window=\u00bbon\u00bb]youtube[\/et_pb_social_media_follow_network][et_pb_social_media_follow_network social_network=\u00bbfacebook\u00bb url=\u00bbhttps:\/\/www.facebook.com\/lasalleloja\u00bb icon_color=\u00bb#FFFFFF\u00bb use_icon_font_size=\u00bbon\u00bb icon_font_size=\u00bb21px\u00bb _builder_version=\u00bb4.27.6&#8243; _module_preset=\u00bbdefault\u00bb background_enable_color=\u00bboff\u00bb custom_button=\u00bbon\u00bb global_colors_info=\u00bb{}\u00bb follow_button=\u00bboff\u00bb url_new_window=\u00bbon\u00bb]facebook[\/et_pb_social_media_follow_network][et_pb_social_media_follow_network social_network=\u00bblinkedin\u00bb url=\u00bbhttps:\/\/www.linkedin.com\/in\/lasalleloja\/\u00bb icon_color=\u00bb#FFFFFF\u00bb use_icon_font_size=\u00bbon\u00bb icon_font_size=\u00bb21px\u00bb _builder_version=\u00bb4.27.6&#8243; _module_preset=\u00bbdefault\u00bb background_color=\u00bb#007bb6&#8243; background_enable_color=\u00bboff\u00bb custom_button=\u00bbon\u00bb global_colors_info=\u00bb{}\u00bb follow_button=\u00bboff\u00bb url_new_window=\u00bbon\u00bb]linkedin[\/et_pb_social_media_follow_network][\/et_pb_social_media_follow][\/et_pb_column][et_pb_column type=\u00bb1_4&#8243; _builder_version=\u00bb4.21.0&#8243; _module_preset=\u00bbdefault\u00bb global_colors_info=\u00bb{}\u00bb][et_pb_text _builder_version=\u00bb4.27.6&#8243; _module_preset=\u00bb9e0f691a-51a6-4320-a4bb-7b8eaf0485ea\u00bb header_4_text_color=\u00bb#FFFFFF\u00bb header_4_font_size=\u00bb20px\u00bb custom_margin=\u00bb||20px||false|false\u00bb global_colors_info=\u00bb{}\u00bb]<\/p>\n<h4>TEL\u00c9FONOS<\/h4>\n<p>[\/et_pb_text][et_pb_text _builder_version=\u00bb4.27.6&#8243; _module_preset=\u00bb9e13ac0a-9ab7-4711-b476-4f1256d1adc0&#8243; text_font=\u00bbNunito||||||||\u00bb text_text_color=\u00bb#FFFFFF\u00bb text_font_size=\u00bb7px\u00bb link_text_color=\u00bbgcid-4e1a4293-6847-4a8b-8670-1037625c3a21&#8243; custom_margin=\u00bb||12px||false|false\u00bb text_font_size_last_edited=\u00bboff|desktop\u00bb global_colors_info=\u00bb{%22gcid-4e1a4293-6847-4a8b-8670-1037625c3a21%22:%91%22link_text_color%22%93}\u00bb]<\/p>\n<p>(07) 72581808<\/p>\n<p>(07) 257 04 31<\/p>\n<p>(07) 258 58 23<\/p>\n<p>[\/et_pb_text][et_pb_text _builder_version=\u00bb4.24.0&#8243; _module_preset=\u00bb9e0f691a-51a6-4320-a4bb-7b8eaf0485ea\u00bb header_4_text_color=\u00bb#FFFFFF\u00bb header_4_font_size=\u00bb20px\u00bb custom_margin=\u00bb||20px||false|false\u00bb global_colors_info=\u00bb{}\u00bb]<\/p>\n<h4>SECRETAR\u00cdA<\/h4>\n<p>[\/et_pb_text][et_pb_text _builder_version=\u00bb4.27.6&#8243; _module_preset=\u00bb9e13ac0a-9ab7-4711-b476-4f1256d1adc0&#8243; text_font=\u00bbNunito||||||||\u00bb text_text_color=\u00bb#FFFFFF\u00bb text_font_size=\u00bb7px\u00bb link_text_color=\u00bbgcid-4e1a4293-6847-4a8b-8670-1037625c3a21&#8243; custom_margin=\u00bb||8px||false|false\u00bb text_font_size_last_edited=\u00bboff|desktop\u00bb global_colors_info=\u00bb{%22gcid-4e1a4293-6847-4a8b-8670-1037625c3a21%22:%91%22link_text_color%22%93}\u00bb]<\/p>\n<p class=\"font_8 wixui-rich-text__text\">099 463 4551<\/p>\n<p>[\/et_pb_text][\/et_pb_column][et_pb_column type=\u00bb1_4&#8243; _builder_version=\u00bb4.21.0&#8243; _module_preset=\u00bbdefault\u00bb global_colors_info=\u00bb{}\u00bb][et_pb_image src=\u00bbhttps:\/\/joseantonioeguiguren.lasalleweb.ec\/wp-content\/uploads\/2026\/03\/ENG_LogoADN-WHITE.png\u00bb title_text=\u00bbENG_LogoADN-WHITE\u00bb _builder_version=\u00bb4.27.6&#8243; _module_preset=\u00bbdefault\u00bb global_colors_info=\u00bb{}\u00bb][\/et_pb_image][et_pb_image src=\u00bbhttps:\/\/joseantonioeguiguren.lasalleweb.ec\/wp-content\/uploads\/2024\/02\/98d749_3632d509fb614ae5adc97769efeff12fmv2.webp\u00bb title_text=\u00bb98d749_3632d509fb614ae5adc97769efeff12f~mv2&#8243; _builder_version=\u00bb4.24.0&#8243; _module_preset=\u00bbdefault\u00bb global_colors_info=\u00bb{}\u00bb][\/et_pb_image][\/et_pb_column][et_pb_column type=\u00bb1_4&#8243; _builder_version=\u00bb4.21.0&#8243; _module_preset=\u00bbdefault\u00bb global_colors_info=\u00bb{}\u00bb][\/et_pb_column][\/et_pb_row][et_pb_row _builder_version=\u00bb4.24.0&#8243; _module_preset=\u00bbdefault\u00bb custom_padding=\u00bb0px||8px|||\u00bb global_colors_info=\u00bb{}\u00bb][et_pb_column type=\u00bb4_4&#8243; _builder_version=\u00bb4.24.0&#8243; _module_preset=\u00bbdefault\u00bb global_colors_info=\u00bb{}\u00bb][et_pb_text _builder_version=\u00bb4.27.6&#8243; _module_preset=\u00bbdefault\u00bb text_text_color=\u00bb#FFFFFF\u00bb text_orientation=\u00bbcenter\u00bb global_colors_info=\u00bb{}\u00bb]<\/p>\n<p><img decoding=\"async\" src=\"https:\/\/static.wixstatic.com\/media\/98d749_064d87306ec548a9880d4b52ee04a33d~mv2.webp\" \/><br \/><span>\u00a9 | PDPA Registry<\/span><\/p>\n<p>[\/et_pb_text][\/et_pb_column][\/et_pb_row][\/et_pb_section]<\/p>\n","protected":false},"excerpt":{"rendered":"<p>NUESTRAOFERTAACAD\u00c9MICAINICIAL 1El programa de Inicial 1 est\u00e1 dise\u00f1ado cuidadosamente para atender las necesidades \u00fanicas de nuestros m\u00e1s peque\u00f1os. Reconocemos que en esta etapa temprana del desarrollo infantil, es esencial centrarse en aspectos clave como la exploraci\u00f3n, el juego y la interacci\u00f3n con el entorno. Nuestro curr\u00edculo abarca todas estas \u00e1reas de manera cari\u00f1osa y estimulante, [&hellip;]<\/p>\n","protected":false},"author":5,"featured_media":0,"parent":0,"menu_order":0,"comment_status":"closed","ping_status":"closed","template":"","meta":{"_et_pb_use_builder":"on","_et_pb_old_content":"","_et_gb_content_width":"","footnotes":""},"class_list":["post-282","page","type-page","status-publish","hentry"],"_links":{"self":[{"href":"https:\/\/joseantonioeguiguren.lasalleweb.ec\/index.php?rest_route=\/wp\/v2\/pages\/282","targetHints":{"allow":["GET"]}}],"collection":[{"href":"https:\/\/joseantonioeguiguren.lasalleweb.ec\/index.php?rest_route=\/wp\/v2\/pages"}],"about":[{"href":"https:\/\/joseantonioeguiguren.lasalleweb.ec\/index.php?rest_route=\/wp\/v2\/types\/page"}],"author":[{"embeddable":true,"href":"https:\/\/joseantonioeguiguren.lasalleweb.ec\/index.php?rest_route=\/wp\/v2\/users\/5"}],"replies":[{"embeddable":true,"href":"https:\/\/joseantonioeguiguren.lasalleweb.ec\/index.php?rest_route=%2Fwp%2Fv2%2Fcomments&post=282"}],"version-history":[{"count":14,"href":"https:\/\/joseantonioeguiguren.lasalleweb.ec\/index.php?rest_route=\/wp\/v2\/pages\/282\/revisions"}],"predecessor-version":[{"id":1041,"href":"https:\/\/joseantonioeguiguren.lasalleweb.ec\/index.php?rest_route=\/wp\/v2\/pages\/282\/revisions\/1041"}],"wp:attachment":[{"href":"https:\/\/joseantonioeguiguren.lasalleweb.ec\/index.php?rest_route=%2Fwp%2Fv2%2Fmedia&parent=282"}],"curies":[{"name":"wp","href":"https:\/\/api.w.org\/{rel}","templated":true}]}}