{"id":169,"date":"2024-02-14T15:05:11","date_gmt":"2024-02-14T15:05:11","guid":{"rendered":"https:\/\/joseantonioeguiguren.lasalleweb.ec\/?page_id=169"},"modified":"2026-03-03T16:10:36","modified_gmt":"2026-03-03T16:10:36","slug":"valores","status":"publish","type":"page","link":"https:\/\/joseantonioeguiguren.lasalleweb.ec\/?page_id=169","title":{"rendered":"Misi\u00f3n y Visi\u00f3n de la Instituci\u00f3n"},"content":{"rendered":"<h2>MISI\u00d3N<\/h2>\n<p>La Unidad Educativa Particular Jos\u00e9 Antonio Eguiguren \u2013 La Salle, inspirados en los principios del Evangelio, de la Iglesia Cat\u00f3lica y del carisma de nuestro fundador, San Juan Bautista De La Salle, brindamos una educaci\u00f3n humano-cristiana de calidad, promoviendo el desarrollo integral a la ni\u00f1ez y juventud, capaces de afrontar los nuevos retos y ser parte en la construcci\u00f3n de una mejor sociedad.<\/p>\n<p>\u200b<\/p>\n<h2>VISI\u00d3N<\/h2>\n<p>Para el a\u00f1o 2025, ser un referente en excelencia acad\u00e9mica y principios cristianos, integrando a la sociedad personas con altos est\u00e1ndares de calidad educativa, con visi\u00f3n human\u00edstico- cient\u00edfica y tecnol\u00f3gica que contribuya al desarrollo del pa\u00eds.<\/p>\n<p><img decoding=\"async\" src=\"https:\/\/static.wixstatic.com\/media\/98d749_064d87306ec548a9880d4b52ee04a33d~mv2.webp\" \/><\/p>\n\n\n<figure class=\"wp-block-image size-large\"><img loading=\"lazy\" decoding=\"async\" width=\"1024\" height=\"913\" src=\"https:\/\/joseantonioeguiguren.lasalleweb.ec\/wp-content\/uploads\/2026\/03\/Valores-1024x913.png\" alt=\"\" class=\"wp-image-992\" srcset=\"https:\/\/joseantonioeguiguren.lasalleweb.ec\/wp-content\/uploads\/2026\/03\/Valores-1024x913.png 1024w, https:\/\/joseantonioeguiguren.lasalleweb.ec\/wp-content\/uploads\/2026\/03\/Valores-300x268.png 300w, https:\/\/joseantonioeguiguren.lasalleweb.ec\/wp-content\/uploads\/2026\/03\/Valores-768x685.png 768w, https:\/\/joseantonioeguiguren.lasalleweb.ec\/wp-content\/uploads\/2026\/03\/Valores.png 1092w\" sizes=\"(max-width: 1024px) 100vw, 1024px\" \/><\/figure>\n\n\n\n<p><\/p>\n","protected":false},"excerpt":{"rendered":"<p>MISI\u00d3N La Unidad Educativa Particular Jos\u00e9 Antonio Eguiguren \u2013 La Salle, inspirados en los principios del Evangelio, de la Iglesia Cat\u00f3lica y del carisma de nuestro fundador, San Juan Bautista De La Salle, brindamos una educaci\u00f3n humano-cristiana de calidad, promoviendo el desarrollo integral a la ni\u00f1ez y juventud, capaces de afrontar los nuevos retos y [&hellip;]<\/p>\n","protected":false},"author":5,"featured_media":0,"parent":0,"menu_order":0,"comment_status":"closed","ping_status":"closed","template":"","meta":{"_et_pb_use_builder":"on","_et_pb_old_content":"","_et_gb_content_width":"","footnotes":""},"class_list":["post-169","page","type-page","status-publish","hentry"],"_links":{"self":[{"href":"https:\/\/joseantonioeguiguren.lasalleweb.ec\/index.php?rest_route=\/wp\/v2\/pages\/169","targetHints":{"allow":["GET"]}}],"collection":[{"href":"https:\/\/joseantonioeguiguren.lasalleweb.ec\/index.php?rest_route=\/wp\/v2\/pages"}],"about":[{"href":"https:\/\/joseantonioeguiguren.lasalleweb.ec\/index.php?rest_route=\/wp\/v2\/types\/page"}],"author":[{"embeddable":true,"href":"https:\/\/joseantonioeguiguren.lasalleweb.ec\/index.php?rest_route=\/wp\/v2\/users\/5"}],"replies":[{"embeddable":true,"href":"https:\/\/joseantonioeguiguren.lasalleweb.ec\/index.php?rest_route=%2Fwp%2Fv2%2Fcomments&post=169"}],"version-history":[{"count":16,"href":"https:\/\/joseantonioeguiguren.lasalleweb.ec\/index.php?rest_route=\/wp\/v2\/pages\/169\/revisions"}],"predecessor-version":[{"id":996,"href":"https:\/\/joseantonioeguiguren.lasalleweb.ec\/index.php?rest_route=\/wp\/v2\/pages\/169\/revisions\/996"}],"wp:attachment":[{"href":"https:\/\/joseantonioeguiguren.lasalleweb.ec\/index.php?rest_route=%2Fwp%2Fv2%2Fmedia&parent=169"}],"curies":[{"name":"wp","href":"https:\/\/api.w.org\/{rel}","templated":true}]}}