{"id":145,"date":"2024-02-14T14:19:07","date_gmt":"2024-02-14T14:19:07","guid":{"rendered":"https:\/\/joseantonioeguiguren.lasalleweb.ec\/?page_id=145"},"modified":"2026-03-03T15:58:38","modified_gmt":"2026-03-03T15:58:38","slug":"historia","status":"publish","type":"page","link":"https:\/\/joseantonioeguiguren.lasalleweb.ec\/?page_id=145","title":{"rendered":"Historia"},"content":{"rendered":"<p>La obra Lasallana lleg\u00f3 a Ecuador el 28 de febrero de 1863, cuando el presidente Garc\u00eda Moreno deleg\u00f3 al Hermano Yon Jos\u00e9 para establecer nuevas fundaciones educativas. Con plenos poderes para seleccionar locales y organizar los preparativos, el Hermano Yon Jos\u00e9 lleg\u00f3 a Loja en noviembre de 1870. All\u00ed, inspeccion\u00f3 la casa destinada a la Escuela de los Hermanos de las Escuelas Cristianas, realiz\u00f3 las observaciones necesarias y entreg\u00f3 una lista de los suministros indispensables.<\/p>\n<p>El entusiasmo por abrir nuevas escuelas en la ciudad de Loja fue notablemente respaldado por el\u00a0<b>Dr. Manuel Eguiguren, Gobernador y patriota,<\/b>\u00a0quien se comprometi\u00f3 a preparar el edificio para el inicio del a\u00f1o escolar en agosto. As\u00ed, con gran alegr\u00eda, la Escuela De la Salle en \u00a0Loja se inaugur\u00f3 el\u00a0<b><i>22 de octubre de 1871<\/i><\/b>, comenzando con\u00a0<b>210 alumnos<\/b>\u00a0en un edificio financiado por el legado del Dr. Bernardo Valdivieso. En sus inicios, las clases estaban muy concurridas: el Hermano Le\u00f3n ense\u00f1aba a 100 alumnos en la \u00abGran Clase\u00bb, el Hermano Benigno a 135 en la \u00abSegunda\u00bb, y el Hermano Calixto a 180 en la \u00abTercera\u00bb.<\/p>\n<p>Despu\u00e9s de una ausencia de doce a\u00f1os, los Hermanos regresaron a Loja el 19 de septiembre de 1907, encabezados por el Hermano Visitador Imon\u00eds y acompa\u00f1ados por los Hermanos Viton Antonin, G\u00e9nes Marie, Cirilo y Bernardo Jos\u00e9. Monse\u00f1or Jos\u00e9 Antonio Eguiguren, el Obispo de Loja, apoy\u00f3 su retorno.<\/p>\n<p>El 21 de octubre de 1907 se reabri\u00f3 la escuela con 300 alumnos. Con el tiempo, los Hermanos tambi\u00e9n se encargaron de la educaci\u00f3n media en el Colegio \u201cLa Dolorosa\u201d hasta la fundaci\u00f3n del Colegio \u201cLa Salle\u201d en 1963, gracias al apoyo del Congreso y otras instituciones, bajo la direcci\u00f3n del Hno. Rector Juan Nepomuceno (Luis Santander).<\/p>\n<p>En 1964, las autoridades eclesi\u00e1sticas solicitaron a los Hermanos de La Salle que asumieran la direcci\u00f3n del Colegio \u201cLa Dolorosa\u201d tras el retiro de los Padres Lazaristas. Aceptaron y gestionaron el establecimiento durante algunos a\u00f1os.<\/p>\n<p>En la actualidad, la Unidad Educativa Particular Jos\u00e9 Antonio \u00a0Eguiguren \u2013 La Salle, es un Centro Educativo Particular-Cat\u00f3lico ubicado en el sector centro-oriental de Loja, a orillas del r\u00edo Zamora. La instituci\u00f3n cuenta con 783 alumnos, distribuidos en la secci\u00f3n matutina.<\/p>\n\n\n<figure class=\"wp-block-image alignfull size-large\"><img loading=\"lazy\" decoding=\"async\" width=\"1024\" height=\"714\" src=\"https:\/\/joseantonioeguiguren.lasalleweb.ec\/wp-content\/uploads\/2026\/03\/La-salle-loja-ant-1024x714.png\" alt=\"\" class=\"wp-image-988\" srcset=\"https:\/\/joseantonioeguiguren.lasalleweb.ec\/wp-content\/uploads\/2026\/03\/La-salle-loja-ant-1024x714.png 1024w, https:\/\/joseantonioeguiguren.lasalleweb.ec\/wp-content\/uploads\/2026\/03\/La-salle-loja-ant-300x209.png 300w, https:\/\/joseantonioeguiguren.lasalleweb.ec\/wp-content\/uploads\/2026\/03\/La-salle-loja-ant-768x535.png 768w, https:\/\/joseantonioeguiguren.lasalleweb.ec\/wp-content\/uploads\/2026\/03\/La-salle-loja-ant.png 1386w\" sizes=\"(max-width: 1024px) 100vw, 1024px\" \/><\/figure>\n","protected":false},"excerpt":{"rendered":"<p>La obra Lasallana lleg\u00f3 a Ecuador el 28 de febrero de 1863, cuando el presidente Garc\u00eda Moreno deleg\u00f3 al Hermano Yon Jos\u00e9 para establecer nuevas fundaciones educativas. Con plenos poderes para seleccionar locales y organizar los preparativos, el Hermano Yon Jos\u00e9 lleg\u00f3 a Loja en noviembre de 1870. All\u00ed, inspeccion\u00f3 la casa destinada a la [&hellip;]<\/p>\n","protected":false},"author":5,"featured_media":0,"parent":0,"menu_order":0,"comment_status":"closed","ping_status":"closed","template":"","meta":{"_et_pb_use_builder":"on","_et_pb_old_content":"","_et_gb_content_width":"","footnotes":""},"class_list":["post-145","page","type-page","status-publish","hentry"],"_links":{"self":[{"href":"https:\/\/joseantonioeguiguren.lasalleweb.ec\/index.php?rest_route=\/wp\/v2\/pages\/145","targetHints":{"allow":["GET"]}}],"collection":[{"href":"https:\/\/joseantonioeguiguren.lasalleweb.ec\/index.php?rest_route=\/wp\/v2\/pages"}],"about":[{"href":"https:\/\/joseantonioeguiguren.lasalleweb.ec\/index.php?rest_route=\/wp\/v2\/types\/page"}],"author":[{"embeddable":true,"href":"https:\/\/joseantonioeguiguren.lasalleweb.ec\/index.php?rest_route=\/wp\/v2\/users\/5"}],"replies":[{"embeddable":true,"href":"https:\/\/joseantonioeguiguren.lasalleweb.ec\/index.php?rest_route=%2Fwp%2Fv2%2Fcomments&post=145"}],"version-history":[{"count":16,"href":"https:\/\/joseantonioeguiguren.lasalleweb.ec\/index.php?rest_route=\/wp\/v2\/pages\/145\/revisions"}],"predecessor-version":[{"id":991,"href":"https:\/\/joseantonioeguiguren.lasalleweb.ec\/index.php?rest_route=\/wp\/v2\/pages\/145\/revisions\/991"}],"wp:attachment":[{"href":"https:\/\/joseantonioeguiguren.lasalleweb.ec\/index.php?rest_route=%2Fwp%2Fv2%2Fmedia&parent=145"}],"curies":[{"name":"wp","href":"https:\/\/api.w.org\/{rel}","templated":true}]}}